{"id":1451,"date":"2024-10-30T14:44:51","date_gmt":"2024-10-30T14:44:51","guid":{"rendered":"https:\/\/stolltranslations.com\/ziw\/einfache-sprache-a2-b1\/"},"modified":"2024-11-13T13:14:41","modified_gmt":"2024-11-13T13:14:41","slug":"einfache-sprache-a2-b1","status":"publish","type":"page","link":"https:\/\/stolltranslations.com\/de\/einfache-sprache-a2-b1\/","title":{"rendered":"Einfache Sprache (A2\/B1)"},"content":{"rendered":"\n<div class=\"wp-block-stackable-columns stk-block-columns stk-block stk-29b6cbc\" id=\"eenvoudige-taal\" data-block-id=\"29b6cbc\"><style>.stk-29b6cbc {margin-bottom:30px !important;}.stk-29b6cbc-column{--stk-column-gap:30px !important;row-gap:30px !important;}@media screen and (max-width:689px){.stk-29b6cbc {max-width:410px !important;min-width:auto !important;margin-right:auto !important;margin-left:auto !important;}}<\/style><div class=\"stk-row stk-inner-blocks stk-block-content stk-content-align stk-29b6cbc-column\">\n<div class=\"wp-block-stackable-column stk-block-column stk-column stk-block stk-40e801b\" data-v=\"4\" data-block-id=\"40e801b\"><style>.stk-40e801b-container{margin-top:0px !important;margin-right:0px !important;margin-bottom:0px !important;margin-left:0px !important;background-color:var(--theme-palette-color-8, #ffffff) !important;border-top-left-radius:8px !important;border-top-right-radius:8px !important;border-bottom-right-radius:8px !important;border-bottom-left-radius:8px !important;overflow:hidden !important;border-style:solid !important;border-color:var(--theme-palette-color-1, #EC1D37) !important;border-top-width:0px !important;border-right-width:2px !important;border-bottom-width:2px !important;border-left-width:0px !important;padding-top:55px !important;padding-right:45px !important;padding-bottom:50px !important;padding-left:45px !important;}.stk-40e801b {border-top-left-radius:10px !important;border-top-right-radius:10px !important;border-bottom-right-radius:10px !important;border-bottom-left-radius:10px !important;overflow:hidden !important;box-shadow:0 5px 5px 0 #123f5209 !important;}.stk-40e801b-container:before{background-color:var(--theme-palette-color-8, #ffffff) !important;}.stk-40e801b-container:hover{box-shadow:0px 30px 50px 0px #5936c333 !important;border-color:var(--theme-palette-color-1, #7456f1) !important;}@media screen and (max-width:999px){.stk-40e801b-container{padding-top:40px !important;padding-right:35px !important;padding-bottom:40px !important;padding-left:35px !important;}}<\/style><div class=\"stk-column-wrapper stk-block-column__content stk-container stk-40e801b-container stk-hover-parent\"><div class=\"has-text-align-center-mobile stk-block-content stk-inner-blocks stk-40e801b-inner-blocks\">\n<div class=\"wp-block-stackable-text stk-block-text stk-block stk-7c733b9\" data-block-id=\"7c733b9\"><style>.stk-7c733b9 .stk-block-text__text{color:var(--theme-palette-color-3, #4d5d6d) !important;}<\/style><p class=\"stk-block-text__text has-text-color\">Einfache Sprache ist wie ein Fahrrad mit St\u00fctzr\u00e4dern: Man muss kein erfahrener Radfahrer sein, um voranzukommen. Die Worte sind die robusten Reifen, die kurzen S\u00e4tze sind die stabilen St\u00fctzr\u00e4der, und die klare Botschaft ist der Weg, der vor einem liegt. Jeder kann ihn befahren, ohne zu st\u00fcrzen oder sich zu verfahren. Er ist einfach, sicher und bringt einen immer ans Ziel.<br\/>Aber Vorsicht: Schreiben in Einfacher Sprache mag einfach erscheinen, ist es aber nicht. Es erfordert Pr\u00e4zision, Feingef\u00fchl und \u00dcbung, um einfache S\u00e4tze ohne Fremdw\u00f6rter klar und verst\u00e4ndlich zu formulieren.   <\/p><\/div>\n\n\n\n<div class=\"wp-block-stackable-button-group stk-block-button-group stk-block stk-f000d2b\" data-block-id=\"f000d2b\"><style>.stk-f000d2b .stk-button-group{flex-direction:row !important;}@media screen and (max-width:999px){.stk-f000d2b .stk-button-group{flex-direction:row !important;}}@media screen and (max-width:689px){.stk-f000d2b .stk-button-group{flex-direction:row !important;}}<\/style><div class=\"stk-row stk-inner-blocks stk-block-content stk-button-group\">\n<div class=\"wp-block-stackable-button stk-block-button stk-block stk-2390f30\" data-block-id=\"2390f30\"><a class=\"stk-link stk-button stk--hover-effect-darken\" href=\"https:\/\/stolltranslations.com\/de\/publikationen-in-einfacher-sprache\/\"><span class=\"stk-button__inner-text\">Beispiele anzeigen<\/span><\/a><\/div>\n<\/div><\/div>\n<\/div><\/div><\/div>\n\n\n\n<div class=\"wp-block-stackable-column stk-block-column stk-column stk-block stk-e88adc7 stk-block-background stk--has-background-overlay\" data-v=\"4\" data-block-id=\"e88adc7\"><style>.stk-e88adc7-container{margin-top:0px !important;margin-right:0px !important;margin-bottom:0px !important;margin-left:0px !important;padding-top:55px !important;padding-right:45px !important;padding-bottom:50px !important;padding-left:45px !important;}.stk-e88adc7 {background-image:url(https:\/\/stolltranslations.com\/wp-content\/uploads\/2024\/11\/eenvoudige-taal.jpg) !important;border-top-left-radius:10px !important;border-top-right-radius:10px !important;border-bottom-right-radius:10px !important;border-bottom-left-radius:10px !important;overflow:hidden !important;border-style:solid !important;border-color:var(--theme-palette-color-6, #FCEE21) !important;border-top-width:0px !important;border-right-width:2px !important;border-bottom-width:2px !important;border-left-width:0px !important;}.stk-e88adc7:before{background-color:#000000 !important;opacity:0.1 !important;}.stk-e88adc7:hover{transform:scale(1.1) !important;}@media screen and (max-width:999px){.stk-e88adc7-container{padding-top:40px !important;padding-right:35px !important;padding-bottom:40px !important;padding-left:35px !important;}}<\/style><div class=\"stk-column-wrapper stk-block-column__content stk-container stk-e88adc7-container stk--no-background stk--no-padding\"><div class=\"stk-block-content stk-inner-blocks stk-e88adc7-inner-blocks\"><\/div><\/div><\/div>\n<\/div><\/div>\n","protected":false},"excerpt":{"rendered":"<p>Einfache Sprache ist wie ein Fahrrad mit St\u00fctzr\u00e4dern: Man muss kein erfahrener Radfahrer sein, um voranzukommen. Die Worte sind die robusten Reifen, die kurzen S\u00e4tze sind die stabilen St\u00fctzr\u00e4der, und die klare Botschaft ist der Weg, der vor einem liegt. Jeder kann ihn befahren, ohne zu st\u00fcrzen oder sich zu verfahren. Er ist einfach, sicher [&hellip;]<\/p>\n","protected":false},"author":1,"featured_media":1389,"parent":0,"menu_order":5,"comment_status":"closed","ping_status":"closed","template":"","meta":{"_vp_format_video_url":"","_vp_image_focal_point":[],"footnotes":""},"class_list":["post-1451","page","type-page","status-publish","has-post-thumbnail","hentry"],"blocksy_meta":[],"yoast_head":"<!-- This site is optimized with the Yoast SEO plugin v27.6 - https:\/\/yoast.com\/product\/yoast-seo-wordpress\/ -->\n<title>Einfache Sprache (A2\/B1) - Stoll Translations<\/title>\n<meta name=\"description\" content=\"Schreiben in Einfacher Sprache erfordert Pr\u00e4zision, Feingef\u00fchl und \u00dcbung, damit einfache S\u00e4tze ohne Fremdw\u00f6rter klar und verst\u00e4ndlich sind.\" \/>\n<meta name=\"robots\" content=\"index, follow, max-snippet:-1, max-image-preview:large, max-video-preview:-1\" \/>\n<link rel=\"canonical\" href=\"https:\/\/stolltranslations.com\/de\/einfache-sprache-a2-b1\/\" \/>\n<meta property=\"og:locale\" content=\"de_DE\" \/>\n<meta property=\"og:type\" content=\"article\" \/>\n<meta property=\"og:title\" content=\"Einfache Sprache (A2\/B1) - Stoll Translations\" \/>\n<meta property=\"og:description\" content=\"Schreiben in Einfacher Sprache erfordert Pr\u00e4zision, Feingef\u00fchl und \u00dcbung, damit einfache S\u00e4tze ohne Fremdw\u00f6rter klar und verst\u00e4ndlich sind.\" \/>\n<meta property=\"og:url\" content=\"https:\/\/stolltranslations.com\/de\/einfache-sprache-a2-b1\/\" \/>\n<meta property=\"og:site_name\" content=\"Stoll Translations\" \/>\n<meta property=\"article:modified_time\" content=\"2024-11-13T13:14:41+00:00\" \/>\n<meta property=\"og:image\" content=\"https:\/\/stolltranslations.com\/wp-content\/uploads\/2024\/11\/eenvoudige-taal.jpg\" \/>\n\t<meta property=\"og:image:width\" content=\"1800\" \/>\n\t<meta property=\"og:image:height\" content=\"960\" \/>\n\t<meta property=\"og:image:type\" content=\"image\/jpeg\" \/>\n<meta name=\"twitter:card\" content=\"summary_large_image\" \/>\n<meta name=\"twitter:label1\" content=\"Gesch\u00e4tzte Lesezeit\" \/>\n\t<meta name=\"twitter:data1\" content=\"1\u00a0Minute\" \/>\n<script type=\"application\/ld+json\" class=\"yoast-schema-graph\">{\"@context\":\"https:\\\/\\\/schema.org\",\"@graph\":[{\"@type\":\"WebPage\",\"@id\":\"https:\\\/\\\/stolltranslations.com\\\/de\\\/einfache-sprache-a2-b1\\\/\",\"url\":\"https:\\\/\\\/stolltranslations.com\\\/de\\\/einfache-sprache-a2-b1\\\/\",\"name\":\"Einfache Sprache (A2\\\/B1) - Stoll Translations\",\"isPartOf\":{\"@id\":\"https:\\\/\\\/stolltranslations.com\\\/de\\\/#website\"},\"primaryImageOfPage\":{\"@id\":\"https:\\\/\\\/stolltranslations.com\\\/de\\\/einfache-sprache-a2-b1\\\/#primaryimage\"},\"image\":{\"@id\":\"https:\\\/\\\/stolltranslations.com\\\/de\\\/einfache-sprache-a2-b1\\\/#primaryimage\"},\"thumbnailUrl\":\"https:\\\/\\\/stolltranslations.com\\\/wp-content\\\/uploads\\\/2024\\\/11\\\/eenvoudige-taal.jpg\",\"datePublished\":\"2024-10-30T14:44:51+00:00\",\"dateModified\":\"2024-11-13T13:14:41+00:00\",\"description\":\"Schreiben in Einfacher Sprache erfordert Pr\u00e4zision, Feingef\u00fchl und \u00dcbung, damit einfache S\u00e4tze ohne Fremdw\u00f6rter klar und verst\u00e4ndlich sind.\",\"breadcrumb\":{\"@id\":\"https:\\\/\\\/stolltranslations.com\\\/de\\\/einfache-sprache-a2-b1\\\/#breadcrumb\"},\"inLanguage\":\"de\",\"potentialAction\":[{\"@type\":\"ReadAction\",\"target\":[\"https:\\\/\\\/stolltranslations.com\\\/de\\\/einfache-sprache-a2-b1\\\/\"]}]},{\"@type\":\"ImageObject\",\"inLanguage\":\"de\",\"@id\":\"https:\\\/\\\/stolltranslations.com\\\/de\\\/einfache-sprache-a2-b1\\\/#primaryimage\",\"url\":\"https:\\\/\\\/stolltranslations.com\\\/wp-content\\\/uploads\\\/2024\\\/11\\\/eenvoudige-taal.jpg\",\"contentUrl\":\"https:\\\/\\\/stolltranslations.com\\\/wp-content\\\/uploads\\\/2024\\\/11\\\/eenvoudige-taal.jpg\",\"width\":1800,\"height\":960},{\"@type\":\"BreadcrumbList\",\"@id\":\"https:\\\/\\\/stolltranslations.com\\\/de\\\/einfache-sprache-a2-b1\\\/#breadcrumb\",\"itemListElement\":[{\"@type\":\"ListItem\",\"position\":1,\"name\":\"Home\",\"item\":\"https:\\\/\\\/stolltranslations.com\\\/de\\\/\"},{\"@type\":\"ListItem\",\"position\":2,\"name\":\"Einfache Sprache (A2\\\/B1)\"}]},{\"@type\":\"WebSite\",\"@id\":\"https:\\\/\\\/stolltranslations.com\\\/de\\\/#website\",\"url\":\"https:\\\/\\\/stolltranslations.com\\\/de\\\/\",\"name\":\"Stoll Translations\",\"description\":\"\",\"publisher\":{\"@id\":\"https:\\\/\\\/stolltranslations.com\\\/de\\\/#organization\"},\"potentialAction\":[{\"@type\":\"SearchAction\",\"target\":{\"@type\":\"EntryPoint\",\"urlTemplate\":\"https:\\\/\\\/stolltranslations.com\\\/de\\\/?s={search_term_string}\"},\"query-input\":{\"@type\":\"PropertyValueSpecification\",\"valueRequired\":true,\"valueName\":\"search_term_string\"}}],\"inLanguage\":\"de\"},{\"@type\":\"Organization\",\"@id\":\"https:\\\/\\\/stolltranslations.com\\\/de\\\/#organization\",\"name\":\"Stoll Translations\",\"url\":\"https:\\\/\\\/stolltranslations.com\\\/de\\\/\",\"logo\":{\"@type\":\"ImageObject\",\"inLanguage\":\"de\",\"@id\":\"https:\\\/\\\/stolltranslations.com\\\/de\\\/#\\\/schema\\\/logo\\\/image\\\/\",\"url\":\"https:\\\/\\\/stolltranslations.com\\\/wp-content\\\/uploads\\\/2024\\\/08\\\/stolltranslations.png\",\"contentUrl\":\"https:\\\/\\\/stolltranslations.com\\\/wp-content\\\/uploads\\\/2024\\\/08\\\/stolltranslations.png\",\"width\":9646,\"height\":2794,\"caption\":\"Stoll Translations\"},\"image\":{\"@id\":\"https:\\\/\\\/stolltranslations.com\\\/de\\\/#\\\/schema\\\/logo\\\/image\\\/\"}}]}<\/script>\n<!-- \/ Yoast SEO plugin. -->","yoast_head_json":{"title":"Einfache Sprache (A2\/B1) - Stoll Translations","description":"Schreiben in Einfacher Sprache erfordert Pr\u00e4zision, Feingef\u00fchl und \u00dcbung, damit einfache S\u00e4tze ohne Fremdw\u00f6rter klar und verst\u00e4ndlich sind.","robots":{"index":"index","follow":"follow","max-snippet":"max-snippet:-1","max-image-preview":"max-image-preview:large","max-video-preview":"max-video-preview:-1"},"canonical":"https:\/\/stolltranslations.com\/de\/einfache-sprache-a2-b1\/","og_locale":"de_DE","og_type":"article","og_title":"Einfache Sprache (A2\/B1) - Stoll Translations","og_description":"Schreiben in Einfacher Sprache erfordert Pr\u00e4zision, Feingef\u00fchl und \u00dcbung, damit einfache S\u00e4tze ohne Fremdw\u00f6rter klar und verst\u00e4ndlich sind.","og_url":"https:\/\/stolltranslations.com\/de\/einfache-sprache-a2-b1\/","og_site_name":"Stoll Translations","article_modified_time":"2024-11-13T13:14:41+00:00","og_image":[{"width":1800,"height":960,"url":"https:\/\/stolltranslations.com\/wp-content\/uploads\/2024\/11\/eenvoudige-taal.jpg","type":"image\/jpeg"}],"twitter_card":"summary_large_image","twitter_misc":{"Gesch\u00e4tzte Lesezeit":"1\u00a0Minute"},"schema":{"@context":"https:\/\/schema.org","@graph":[{"@type":"WebPage","@id":"https:\/\/stolltranslations.com\/de\/einfache-sprache-a2-b1\/","url":"https:\/\/stolltranslations.com\/de\/einfache-sprache-a2-b1\/","name":"Einfache Sprache (A2\/B1) - Stoll Translations","isPartOf":{"@id":"https:\/\/stolltranslations.com\/de\/#website"},"primaryImageOfPage":{"@id":"https:\/\/stolltranslations.com\/de\/einfache-sprache-a2-b1\/#primaryimage"},"image":{"@id":"https:\/\/stolltranslations.com\/de\/einfache-sprache-a2-b1\/#primaryimage"},"thumbnailUrl":"https:\/\/stolltranslations.com\/wp-content\/uploads\/2024\/11\/eenvoudige-taal.jpg","datePublished":"2024-10-30T14:44:51+00:00","dateModified":"2024-11-13T13:14:41+00:00","description":"Schreiben in Einfacher Sprache erfordert Pr\u00e4zision, Feingef\u00fchl und \u00dcbung, damit einfache S\u00e4tze ohne Fremdw\u00f6rter klar und verst\u00e4ndlich sind.","breadcrumb":{"@id":"https:\/\/stolltranslations.com\/de\/einfache-sprache-a2-b1\/#breadcrumb"},"inLanguage":"de","potentialAction":[{"@type":"ReadAction","target":["https:\/\/stolltranslations.com\/de\/einfache-sprache-a2-b1\/"]}]},{"@type":"ImageObject","inLanguage":"de","@id":"https:\/\/stolltranslations.com\/de\/einfache-sprache-a2-b1\/#primaryimage","url":"https:\/\/stolltranslations.com\/wp-content\/uploads\/2024\/11\/eenvoudige-taal.jpg","contentUrl":"https:\/\/stolltranslations.com\/wp-content\/uploads\/2024\/11\/eenvoudige-taal.jpg","width":1800,"height":960},{"@type":"BreadcrumbList","@id":"https:\/\/stolltranslations.com\/de\/einfache-sprache-a2-b1\/#breadcrumb","itemListElement":[{"@type":"ListItem","position":1,"name":"Home","item":"https:\/\/stolltranslations.com\/de\/"},{"@type":"ListItem","position":2,"name":"Einfache Sprache (A2\/B1)"}]},{"@type":"WebSite","@id":"https:\/\/stolltranslations.com\/de\/#website","url":"https:\/\/stolltranslations.com\/de\/","name":"Stoll Translations","description":"","publisher":{"@id":"https:\/\/stolltranslations.com\/de\/#organization"},"potentialAction":[{"@type":"SearchAction","target":{"@type":"EntryPoint","urlTemplate":"https:\/\/stolltranslations.com\/de\/?s={search_term_string}"},"query-input":{"@type":"PropertyValueSpecification","valueRequired":true,"valueName":"search_term_string"}}],"inLanguage":"de"},{"@type":"Organization","@id":"https:\/\/stolltranslations.com\/de\/#organization","name":"Stoll Translations","url":"https:\/\/stolltranslations.com\/de\/","logo":{"@type":"ImageObject","inLanguage":"de","@id":"https:\/\/stolltranslations.com\/de\/#\/schema\/logo\/image\/","url":"https:\/\/stolltranslations.com\/wp-content\/uploads\/2024\/08\/stolltranslations.png","contentUrl":"https:\/\/stolltranslations.com\/wp-content\/uploads\/2024\/08\/stolltranslations.png","width":9646,"height":2794,"caption":"Stoll Translations"},"image":{"@id":"https:\/\/stolltranslations.com\/de\/#\/schema\/logo\/image\/"}}]}},"_links":{"self":[{"href":"https:\/\/stolltranslations.com\/de\/wp-json\/wp\/v2\/pages\/1451","targetHints":{"allow":["GET"]}}],"collection":[{"href":"https:\/\/stolltranslations.com\/de\/wp-json\/wp\/v2\/pages"}],"about":[{"href":"https:\/\/stolltranslations.com\/de\/wp-json\/wp\/v2\/types\/page"}],"author":[{"embeddable":true,"href":"https:\/\/stolltranslations.com\/de\/wp-json\/wp\/v2\/users\/1"}],"replies":[{"embeddable":true,"href":"https:\/\/stolltranslations.com\/de\/wp-json\/wp\/v2\/comments?post=1451"}],"version-history":[{"count":3,"href":"https:\/\/stolltranslations.com\/de\/wp-json\/wp\/v2\/pages\/1451\/revisions"}],"predecessor-version":[{"id":1746,"href":"https:\/\/stolltranslations.com\/de\/wp-json\/wp\/v2\/pages\/1451\/revisions\/1746"}],"wp:featuredmedia":[{"embeddable":true,"href":"https:\/\/stolltranslations.com\/de\/wp-json\/wp\/v2\/media\/1389"}],"wp:attachment":[{"href":"https:\/\/stolltranslations.com\/de\/wp-json\/wp\/v2\/media?parent=1451"}],"curies":[{"name":"wp","href":"https:\/\/api.w.org\/{rel}","templated":true}]}}