{"id":1425,"date":"2024-10-30T14:42:46","date_gmt":"2024-10-30T14:42:46","guid":{"rendered":"https:\/\/stolltranslations.com\/ziw\/uebersetzung\/"},"modified":"2024-11-27T16:13:58","modified_gmt":"2024-11-27T16:13:58","slug":"uebersetzung","status":"publish","type":"page","link":"https:\/\/stolltranslations.com\/de\/uebersetzung\/","title":{"rendered":"\u00dcbersetzung"},"content":{"rendered":"\n<div class=\"wp-block-stackable-columns stk-block-columns stk-block stk-e08b614\" id=\"vertaling\" data-block-id=\"e08b614\"><style>.stk-e08b614 {margin-bottom:30px !important;}.stk-e08b614-column{--stk-column-gap:30px !important;row-gap:30px !important;}@media screen and (max-width:689px){.stk-e08b614 {max-width:410px !important;min-width:auto !important;margin-right:auto !important;margin-left:auto !important;}}<\/style><div class=\"stk-row stk-inner-blocks stk-block-content stk-content-align stk-e08b614-column\">\n<div class=\"wp-block-stackable-column stk-block-column stk-column stk-block stk-fc9c699\" data-v=\"4\" data-block-id=\"fc9c699\"><style>.stk-fc9c699-container{margin-top:0px !important;margin-right:0px !important;margin-bottom:0px !important;margin-left:0px !important;background-color:var(--theme-palette-color-8, #ffffff) !important;border-top-left-radius:8px !important;border-top-right-radius:8px !important;border-bottom-right-radius:8px !important;border-bottom-left-radius:8px !important;overflow:hidden !important;border-style:solid !important;border-color:var(--theme-palette-color-1, #EC1D37) !important;border-top-width:0px !important;border-right-width:2px !important;border-bottom-width:2px !important;border-left-width:0px !important;padding-top:55px !important;padding-right:45px !important;padding-bottom:50px !important;padding-left:45px !important;}.stk-fc9c699 {border-top-left-radius:10px !important;border-top-right-radius:10px !important;border-bottom-right-radius:10px !important;border-bottom-left-radius:10px !important;overflow:hidden !important;box-shadow:0 5px 5px 0 #123f5209 !important;}.stk-fc9c699-container:before{background-color:var(--theme-palette-color-8, #ffffff) !important;}.stk-fc9c699-container:hover{box-shadow:0px 30px 50px 0px #5936c333 !important;border-color:var(--theme-palette-color-1, #7456f1) !important;}@media screen and (max-width:999px){.stk-fc9c699-container{padding-top:40px !important;padding-right:35px !important;padding-bottom:40px !important;padding-left:35px !important;}}<\/style><div class=\"stk-column-wrapper stk-block-column__content stk-container stk-fc9c699-container stk-hover-parent\"><div class=\"has-text-align-center-mobile stk-block-content stk-inner-blocks stk-fc9c699-inner-blocks\">\n<div class=\"wp-block-stackable-text stk-block-text stk-block stk-d560ff0\" data-block-id=\"d560ff0\"><style>.stk-d560ff0 .stk-block-text__text{color:var(--theme-palette-color-3, #4d5d6d) !important;}<\/style><p class=\"stk-block-text__text has-text-color\">Sie haben viel Zeit und M\u00fche in Ihren Text gesteckt und sich genau \u00fcberlegt, was Sie Ihrem Zielpublikum vermitteln wollen. Dann wollen Sie auch, dass Ihr Content in der \u00dcbersetzung genau das gleiche Gef\u00fchl hervorruft und mindestens genauso effektiv ist wie das Original. Ihr Text soll sich in der \u00dcbersetzung so lesen wie ein auf Deutsch geschriebener Text. Und das nat\u00fcrlich fehlerfrei. Deshalb geh\u00f6rt bei STOLL TRANSLATIONS eine gr\u00fcndliche Endkontrolle standardm\u00e4\u00dfig dazu.    <\/p><\/div>\n<\/div><\/div><\/div>\n\n\n\n<div class=\"wp-block-stackable-column stk-block-column stk-column stk-block stk-b88fbfb stk-block-background stk--has-background-overlay\" data-v=\"4\" data-block-id=\"b88fbfb\"><style>.stk-b88fbfb-container{margin-top:0px !important;margin-right:0px !important;margin-bottom:0px !important;margin-left:0px !important;padding-top:55px !important;padding-right:45px !important;padding-bottom:50px !important;padding-left:45px !important;}.stk-b88fbfb {background-image:url(https:\/\/stolltranslations.com\/wp-content\/uploads\/2024\/11\/vlag-ned-de.jpg) !important;border-top-left-radius:10px !important;border-top-right-radius:10px !important;border-bottom-right-radius:10px !important;border-bottom-left-radius:10px !important;overflow:hidden !important;border-style:solid !important;border-color:var(--theme-palette-color-6, #FCEE21) !important;border-top-width:0px !important;border-right-width:2px !important;border-bottom-width:2px !important;border-left-width:0px !important;}.stk-b88fbfb:before{background-color:#000000 !important;opacity:0.1 !important;}.stk-b88fbfb:hover{transform:scale(1.1) !important;}@media screen and (max-width:999px){.stk-b88fbfb-container{padding-top:40px !important;padding-right:35px !important;padding-bottom:40px !important;padding-left:35px !important;}}<\/style><div class=\"stk-column-wrapper stk-block-column__content stk-container stk-b88fbfb-container stk--no-background stk--no-padding\"><div class=\"stk-block-content stk-inner-blocks stk-b88fbfb-inner-blocks\"><\/div><\/div><\/div>\n<\/div><\/div>\n","protected":false},"excerpt":{"rendered":"<p>Sie haben viel Zeit und M\u00fche in Ihren Text gesteckt und sich genau \u00fcberlegt, was Sie Ihrem Zielpublikum vermitteln wollen. Dann wollen Sie auch, dass Ihr Content in der \u00dcbersetzung genau das gleiche Gef\u00fchl hervorruft und mindestens genauso effektiv ist wie das Original. Ihr Text soll sich in der \u00dcbersetzung so lesen wie ein auf [&hellip;]<\/p>\n","protected":false},"author":1,"featured_media":1381,"parent":0,"menu_order":1,"comment_status":"closed","ping_status":"closed","template":"","meta":{"_vp_format_video_url":"","_vp_image_focal_point":[],"footnotes":""},"class_list":["post-1425","page","type-page","status-publish","has-post-thumbnail","hentry"],"blocksy_meta":[],"yoast_head":"<!-- This site is optimized with the Yoast SEO plugin v27.6 - https:\/\/yoast.com\/product\/yoast-seo-wordpress\/ -->\n<title>\u00dcbersetzung - Stoll Translations<\/title>\n<meta name=\"description\" content=\"Ihr Text sollte sich in der \u00dcbersetzung wie ein auf Deutsch geschriebener Text lesen. STOLL TRANSLATIONS sorgt selbstverst\u00e4ndlich f\u00fcr eine gr\u00fcndliche Endkontrolle.\" \/>\n<meta name=\"robots\" content=\"index, follow, max-snippet:-1, max-image-preview:large, max-video-preview:-1\" \/>\n<link rel=\"canonical\" href=\"https:\/\/stolltranslations.com\/de\/uebersetzung\/\" \/>\n<meta property=\"og:locale\" content=\"de_DE\" \/>\n<meta property=\"og:type\" content=\"article\" \/>\n<meta property=\"og:title\" content=\"\u00dcbersetzung - Stoll Translations\" \/>\n<meta property=\"og:description\" content=\"Ihr Text sollte sich in der \u00dcbersetzung wie ein auf Deutsch geschriebener Text lesen. STOLL TRANSLATIONS sorgt selbstverst\u00e4ndlich f\u00fcr eine gr\u00fcndliche Endkontrolle.\" \/>\n<meta property=\"og:url\" content=\"https:\/\/stolltranslations.com\/de\/uebersetzung\/\" \/>\n<meta property=\"og:site_name\" content=\"Stoll Translations\" \/>\n<meta property=\"article:modified_time\" content=\"2024-11-27T16:13:58+00:00\" \/>\n<meta property=\"og:image\" content=\"https:\/\/stolltranslations.com\/wp-content\/uploads\/2024\/11\/vlag-ned-de.jpg\" \/>\n\t<meta property=\"og:image:width\" content=\"1800\" \/>\n\t<meta property=\"og:image:height\" content=\"1200\" \/>\n\t<meta property=\"og:image:type\" content=\"image\/jpeg\" \/>\n<meta name=\"twitter:card\" content=\"summary_large_image\" \/>\n<script type=\"application\/ld+json\" class=\"yoast-schema-graph\">{\"@context\":\"https:\\\/\\\/schema.org\",\"@graph\":[{\"@type\":\"WebPage\",\"@id\":\"https:\\\/\\\/stolltranslations.com\\\/de\\\/uebersetzung\\\/\",\"url\":\"https:\\\/\\\/stolltranslations.com\\\/de\\\/uebersetzung\\\/\",\"name\":\"\u00dcbersetzung - Stoll Translations\",\"isPartOf\":{\"@id\":\"https:\\\/\\\/stolltranslations.com\\\/de\\\/#website\"},\"primaryImageOfPage\":{\"@id\":\"https:\\\/\\\/stolltranslations.com\\\/de\\\/uebersetzung\\\/#primaryimage\"},\"image\":{\"@id\":\"https:\\\/\\\/stolltranslations.com\\\/de\\\/uebersetzung\\\/#primaryimage\"},\"thumbnailUrl\":\"https:\\\/\\\/stolltranslations.com\\\/wp-content\\\/uploads\\\/2024\\\/11\\\/vlag-ned-de.jpg\",\"datePublished\":\"2024-10-30T14:42:46+00:00\",\"dateModified\":\"2024-11-27T16:13:58+00:00\",\"description\":\"Ihr Text sollte sich in der \u00dcbersetzung wie ein auf Deutsch geschriebener Text lesen. STOLL TRANSLATIONS sorgt selbstverst\u00e4ndlich f\u00fcr eine gr\u00fcndliche Endkontrolle.\",\"breadcrumb\":{\"@id\":\"https:\\\/\\\/stolltranslations.com\\\/de\\\/uebersetzung\\\/#breadcrumb\"},\"inLanguage\":\"de\",\"potentialAction\":[{\"@type\":\"ReadAction\",\"target\":[\"https:\\\/\\\/stolltranslations.com\\\/de\\\/uebersetzung\\\/\"]}]},{\"@type\":\"ImageObject\",\"inLanguage\":\"de\",\"@id\":\"https:\\\/\\\/stolltranslations.com\\\/de\\\/uebersetzung\\\/#primaryimage\",\"url\":\"https:\\\/\\\/stolltranslations.com\\\/wp-content\\\/uploads\\\/2024\\\/11\\\/vlag-ned-de.jpg\",\"contentUrl\":\"https:\\\/\\\/stolltranslations.com\\\/wp-content\\\/uploads\\\/2024\\\/11\\\/vlag-ned-de.jpg\",\"width\":1800,\"height\":1200,\"caption\":\"The national flag of Germany with The Kingdom of the Netherlands National flag. Grunge background\"},{\"@type\":\"BreadcrumbList\",\"@id\":\"https:\\\/\\\/stolltranslations.com\\\/de\\\/uebersetzung\\\/#breadcrumb\",\"itemListElement\":[{\"@type\":\"ListItem\",\"position\":1,\"name\":\"Home\",\"item\":\"https:\\\/\\\/stolltranslations.com\\\/de\\\/\"},{\"@type\":\"ListItem\",\"position\":2,\"name\":\"\u00dcbersetzung\"}]},{\"@type\":\"WebSite\",\"@id\":\"https:\\\/\\\/stolltranslations.com\\\/de\\\/#website\",\"url\":\"https:\\\/\\\/stolltranslations.com\\\/de\\\/\",\"name\":\"Stoll Translations\",\"description\":\"\",\"publisher\":{\"@id\":\"https:\\\/\\\/stolltranslations.com\\\/de\\\/#organization\"},\"potentialAction\":[{\"@type\":\"SearchAction\",\"target\":{\"@type\":\"EntryPoint\",\"urlTemplate\":\"https:\\\/\\\/stolltranslations.com\\\/de\\\/?s={search_term_string}\"},\"query-input\":{\"@type\":\"PropertyValueSpecification\",\"valueRequired\":true,\"valueName\":\"search_term_string\"}}],\"inLanguage\":\"de\"},{\"@type\":\"Organization\",\"@id\":\"https:\\\/\\\/stolltranslations.com\\\/de\\\/#organization\",\"name\":\"Stoll Translations\",\"url\":\"https:\\\/\\\/stolltranslations.com\\\/de\\\/\",\"logo\":{\"@type\":\"ImageObject\",\"inLanguage\":\"de\",\"@id\":\"https:\\\/\\\/stolltranslations.com\\\/de\\\/#\\\/schema\\\/logo\\\/image\\\/\",\"url\":\"https:\\\/\\\/stolltranslations.com\\\/wp-content\\\/uploads\\\/2024\\\/08\\\/stolltranslations.png\",\"contentUrl\":\"https:\\\/\\\/stolltranslations.com\\\/wp-content\\\/uploads\\\/2024\\\/08\\\/stolltranslations.png\",\"width\":9646,\"height\":2794,\"caption\":\"Stoll Translations\"},\"image\":{\"@id\":\"https:\\\/\\\/stolltranslations.com\\\/de\\\/#\\\/schema\\\/logo\\\/image\\\/\"}}]}<\/script>\n<!-- \/ Yoast SEO plugin. -->","yoast_head_json":{"title":"\u00dcbersetzung - Stoll Translations","description":"Ihr Text sollte sich in der \u00dcbersetzung wie ein auf Deutsch geschriebener Text lesen. STOLL TRANSLATIONS sorgt selbstverst\u00e4ndlich f\u00fcr eine gr\u00fcndliche Endkontrolle.","robots":{"index":"index","follow":"follow","max-snippet":"max-snippet:-1","max-image-preview":"max-image-preview:large","max-video-preview":"max-video-preview:-1"},"canonical":"https:\/\/stolltranslations.com\/de\/uebersetzung\/","og_locale":"de_DE","og_type":"article","og_title":"\u00dcbersetzung - Stoll Translations","og_description":"Ihr Text sollte sich in der \u00dcbersetzung wie ein auf Deutsch geschriebener Text lesen. STOLL TRANSLATIONS sorgt selbstverst\u00e4ndlich f\u00fcr eine gr\u00fcndliche Endkontrolle.","og_url":"https:\/\/stolltranslations.com\/de\/uebersetzung\/","og_site_name":"Stoll Translations","article_modified_time":"2024-11-27T16:13:58+00:00","og_image":[{"width":1800,"height":1200,"url":"https:\/\/stolltranslations.com\/wp-content\/uploads\/2024\/11\/vlag-ned-de.jpg","type":"image\/jpeg"}],"twitter_card":"summary_large_image","schema":{"@context":"https:\/\/schema.org","@graph":[{"@type":"WebPage","@id":"https:\/\/stolltranslations.com\/de\/uebersetzung\/","url":"https:\/\/stolltranslations.com\/de\/uebersetzung\/","name":"\u00dcbersetzung - Stoll Translations","isPartOf":{"@id":"https:\/\/stolltranslations.com\/de\/#website"},"primaryImageOfPage":{"@id":"https:\/\/stolltranslations.com\/de\/uebersetzung\/#primaryimage"},"image":{"@id":"https:\/\/stolltranslations.com\/de\/uebersetzung\/#primaryimage"},"thumbnailUrl":"https:\/\/stolltranslations.com\/wp-content\/uploads\/2024\/11\/vlag-ned-de.jpg","datePublished":"2024-10-30T14:42:46+00:00","dateModified":"2024-11-27T16:13:58+00:00","description":"Ihr Text sollte sich in der \u00dcbersetzung wie ein auf Deutsch geschriebener Text lesen. STOLL TRANSLATIONS sorgt selbstverst\u00e4ndlich f\u00fcr eine gr\u00fcndliche Endkontrolle.","breadcrumb":{"@id":"https:\/\/stolltranslations.com\/de\/uebersetzung\/#breadcrumb"},"inLanguage":"de","potentialAction":[{"@type":"ReadAction","target":["https:\/\/stolltranslations.com\/de\/uebersetzung\/"]}]},{"@type":"ImageObject","inLanguage":"de","@id":"https:\/\/stolltranslations.com\/de\/uebersetzung\/#primaryimage","url":"https:\/\/stolltranslations.com\/wp-content\/uploads\/2024\/11\/vlag-ned-de.jpg","contentUrl":"https:\/\/stolltranslations.com\/wp-content\/uploads\/2024\/11\/vlag-ned-de.jpg","width":1800,"height":1200,"caption":"The national flag of Germany with The Kingdom of the Netherlands National flag. Grunge background"},{"@type":"BreadcrumbList","@id":"https:\/\/stolltranslations.com\/de\/uebersetzung\/#breadcrumb","itemListElement":[{"@type":"ListItem","position":1,"name":"Home","item":"https:\/\/stolltranslations.com\/de\/"},{"@type":"ListItem","position":2,"name":"\u00dcbersetzung"}]},{"@type":"WebSite","@id":"https:\/\/stolltranslations.com\/de\/#website","url":"https:\/\/stolltranslations.com\/de\/","name":"Stoll Translations","description":"","publisher":{"@id":"https:\/\/stolltranslations.com\/de\/#organization"},"potentialAction":[{"@type":"SearchAction","target":{"@type":"EntryPoint","urlTemplate":"https:\/\/stolltranslations.com\/de\/?s={search_term_string}"},"query-input":{"@type":"PropertyValueSpecification","valueRequired":true,"valueName":"search_term_string"}}],"inLanguage":"de"},{"@type":"Organization","@id":"https:\/\/stolltranslations.com\/de\/#organization","name":"Stoll Translations","url":"https:\/\/stolltranslations.com\/de\/","logo":{"@type":"ImageObject","inLanguage":"de","@id":"https:\/\/stolltranslations.com\/de\/#\/schema\/logo\/image\/","url":"https:\/\/stolltranslations.com\/wp-content\/uploads\/2024\/08\/stolltranslations.png","contentUrl":"https:\/\/stolltranslations.com\/wp-content\/uploads\/2024\/08\/stolltranslations.png","width":9646,"height":2794,"caption":"Stoll Translations"},"image":{"@id":"https:\/\/stolltranslations.com\/de\/#\/schema\/logo\/image\/"}}]}},"_links":{"self":[{"href":"https:\/\/stolltranslations.com\/de\/wp-json\/wp\/v2\/pages\/1425","targetHints":{"allow":["GET"]}}],"collection":[{"href":"https:\/\/stolltranslations.com\/de\/wp-json\/wp\/v2\/pages"}],"about":[{"href":"https:\/\/stolltranslations.com\/de\/wp-json\/wp\/v2\/types\/page"}],"author":[{"embeddable":true,"href":"https:\/\/stolltranslations.com\/de\/wp-json\/wp\/v2\/users\/1"}],"replies":[{"embeddable":true,"href":"https:\/\/stolltranslations.com\/de\/wp-json\/wp\/v2\/comments?post=1425"}],"version-history":[{"count":9,"href":"https:\/\/stolltranslations.com\/de\/wp-json\/wp\/v2\/pages\/1425\/revisions"}],"predecessor-version":[{"id":1877,"href":"https:\/\/stolltranslations.com\/de\/wp-json\/wp\/v2\/pages\/1425\/revisions\/1877"}],"wp:featuredmedia":[{"embeddable":true,"href":"https:\/\/stolltranslations.com\/de\/wp-json\/wp\/v2\/media\/1381"}],"wp:attachment":[{"href":"https:\/\/stolltranslations.com\/de\/wp-json\/wp\/v2\/media?parent=1425"}],"curies":[{"name":"wp","href":"https:\/\/api.w.org\/{rel}","templated":true}]}}